{"id":29181,"date":"2023-04-20T11:46:12","date_gmt":"2023-04-20T11:46:12","guid":{"rendered":"https:\/\/dummy.xtemos.com\/woodmart2\/furniture2-elementor\/?page_id=23"},"modified":"2023-04-20T11:46:12","modified_gmt":"2023-04-20T11:46:12","slug":"compare","status":"publish","type":"page","link":"https:\/\/fingerclic.com\/ar\/compare\/","title":{"rendered":"Compare"},"content":{"rendered":"<div data-elementor-type=\"wp-page\" data-elementor-id=\"29181\" class=\"elementor elementor-29181\">\n\t\t\t\t\t\t<section class=\"wd-negative-gap elementor-section elementor-top-section elementor-element elementor-element-262542a elementor-section-boxed elementor-section-height-default elementor-section-height-default\" data-id=\"262542a\" data-element_type=\"section\" data-e-type=\"section\">\n\t\t\t\t\t\t<div class=\"elementor-container elementor-column-gap-default\">\n\t\t\t\t\t<div class=\"elementor-column elementor-col-100 elementor-top-column elementor-element elementor-element-36ec512\" data-id=\"36ec512\" data-element_type=\"column\" data-e-type=\"column\">\n\t\t\t<div class=\"elementor-widget-wrap elementor-element-populated\">\n\t\t\t\t\t\t<div class=\"elementor-element elementor-element-5b77511 elementor-widget elementor-widget-wd_compare\" data-id=\"5b77511\" data-element_type=\"widget\" data-e-type=\"widget\" data-widget_type=\"wd_compare.default\">\n\t\t\t\t<div class=\"elementor-widget-container\">\n\t\t\t\t\t\t\t<div class=\"wd-empty-block wd-empty-compare\">\n\t\t\t<h2 class=\"wd-empty-block-title\">\n\t\t\t\tCompare list is empty.\t\t\t<\/h2>\n\t\t\t\t\t\t\t<p class=\"wd-empty-block-text\">\n\t\t\t\t\tNo products added in the compare list. You must add some products to compare them. You will find a lot of interesting products on our \"Shop\" page.\t\t\t\t<\/p>\n\t\t\t\t\t\t<a class=\"button btn btn-accent wd-empty-block-btn\" href=\"https:\/\/fingerclic.com\/ar\/boutique\/\">\n\t\t\t\tReturn to shop\t\t\t<\/a>\n\t\t<\/div>\n\t\t\t\t\t\t<\/div>\n\t\t\t\t<\/div>\n\t\t\t\t\t<\/div>\n\t\t<\/div>\n\t\t\t\t\t<\/div>\n\t\t<\/section>\n\t\t\t\t<\/div>","protected":false},"excerpt":{"rendered":"<p>Remove 12 side $375 $339 Add to cart Description Soft curves and tapering slender lines are inspired by modern design.<\/p>","protected":false},"author":1,"featured_media":0,"parent":0,"menu_order":0,"comment_status":"closed","ping_status":"closed","template":"","meta":{"footnotes":""},"class_list":["post-29181","page","type-page","status-publish","hentry"],"yoast_head":"<!-- This site is optimized with the Yoast SEO plugin v27.4 - https:\/\/yoast.com\/product\/yoast-seo-wordpress\/ -->\n<title>Compare - Home Design Ecosystem<\/title>\n<meta name=\"description\" content=\"D\u00e9couvrez Fingerclic, votre boutique en ligne de confiance pour l&#039;achat de meubles, d&#039;articles de d\u00e9coration, d&#039;outils \u00e9lectriques et d&#039;ustensiles de cuisine. Qualit\u00e9 et service exceptionnel garantis pour embellir votre maison.\" \/>\n<meta name=\"robots\" content=\"index, follow, max-snippet:-1, max-image-preview:large, max-video-preview:-1\" \/>\n<link rel=\"canonical\" href=\"https:\/\/fingerclic.com\/ar\/compare\/\" \/>\n<meta property=\"og:locale\" content=\"ar_AR\" \/>\n<meta property=\"og:type\" content=\"article\" \/>\n<meta property=\"og:title\" content=\"Compare - Home Design Ecosystem\" \/>\n<meta property=\"og:description\" content=\"D\u00e9couvrez Fingerclic, votre boutique en ligne de confiance pour l&#039;achat de meubles, d&#039;articles de d\u00e9coration, d&#039;outils \u00e9lectriques et d&#039;ustensiles de cuisine. Qualit\u00e9 et service exceptionnel garantis pour embellir votre maison.\" \/>\n<meta property=\"og:url\" content=\"https:\/\/fingerclic.com\/ar\/compare\/\" \/>\n<meta property=\"og:site_name\" content=\"Home Design Ecosystem\" \/>\n<meta property=\"article:publisher\" content=\"https:\/\/www.facebook.com\/fingerclic\" \/>\n<meta property=\"og:image\" content=\"http:\/\/dummy.xtemos.com\/woodmart2\/furniture2-elementor\/wp-content\/uploads\/sites\/10\/2023\/04\/wd-furniture-chair-prod-14-1-430x491.jpg\" \/>\n<meta name=\"twitter:card\" content=\"summary_large_image\" \/>\n<script type=\"application\/ld+json\" class=\"yoast-schema-graph\">{\"@context\":\"https:\\\/\\\/schema.org\",\"@graph\":[{\"@type\":\"WebPage\",\"@id\":\"https:\\\/\\\/fingerclic.com\\\/compare\\\/\",\"url\":\"https:\\\/\\\/fingerclic.com\\\/compare\\\/\",\"name\":\"Compare - Home Design Ecosystem\",\"isPartOf\":{\"@id\":\"https:\\\/\\\/fingerclic.com\\\/#website\"},\"primaryImageOfPage\":{\"@id\":\"https:\\\/\\\/fingerclic.com\\\/compare\\\/#primaryimage\"},\"image\":{\"@id\":\"https:\\\/\\\/fingerclic.com\\\/compare\\\/#primaryimage\"},\"thumbnailUrl\":\"http:\\\/\\\/dummy.xtemos.com\\\/woodmart2\\\/furniture2-elementor\\\/wp-content\\\/uploads\\\/sites\\\/10\\\/2023\\\/04\\\/wd-furniture-chair-prod-14-1-430x491.jpg\",\"datePublished\":\"2023-04-20T11:46:12+00:00\",\"description\":\"D\u00e9couvrez Fingerclic, votre boutique en ligne de confiance pour l'achat de meubles, d'articles de d\u00e9coration, d'outils \u00e9lectriques et d'ustensiles de cuisine. Qualit\u00e9 et service exceptionnel garantis pour embellir votre maison.\",\"breadcrumb\":{\"@id\":\"https:\\\/\\\/fingerclic.com\\\/compare\\\/#breadcrumb\"},\"inLanguage\":\"ar\",\"potentialAction\":[{\"@type\":\"ReadAction\",\"target\":[\"https:\\\/\\\/fingerclic.com\\\/compare\\\/\"]}]},{\"@type\":\"ImageObject\",\"inLanguage\":\"ar\",\"@id\":\"https:\\\/\\\/fingerclic.com\\\/compare\\\/#primaryimage\",\"url\":\"http:\\\/\\\/dummy.xtemos.com\\\/woodmart2\\\/furniture2-elementor\\\/wp-content\\\/uploads\\\/sites\\\/10\\\/2023\\\/04\\\/wd-furniture-chair-prod-14-1-430x491.jpg\",\"contentUrl\":\"http:\\\/\\\/dummy.xtemos.com\\\/woodmart2\\\/furniture2-elementor\\\/wp-content\\\/uploads\\\/sites\\\/10\\\/2023\\\/04\\\/wd-furniture-chair-prod-14-1-430x491.jpg\"},{\"@type\":\"BreadcrumbList\",\"@id\":\"https:\\\/\\\/fingerclic.com\\\/compare\\\/#breadcrumb\",\"itemListElement\":[{\"@type\":\"ListItem\",\"position\":1,\"name\":\"Accueil\",\"item\":\"https:\\\/\\\/fingerclic.com\\\/\"},{\"@type\":\"ListItem\",\"position\":2,\"name\":\"Compare\"}]},{\"@type\":\"WebSite\",\"@id\":\"https:\\\/\\\/fingerclic.com\\\/#website\",\"url\":\"https:\\\/\\\/fingerclic.com\\\/\",\"name\":\"fingerclic\",\"description\":\"Art \u2022 Design \u2022 Technology\",\"publisher\":{\"@id\":\"https:\\\/\\\/fingerclic.com\\\/#organization\"},\"alternateName\":\"fingerclic\",\"potentialAction\":[{\"@type\":\"SearchAction\",\"target\":{\"@type\":\"EntryPoint\",\"urlTemplate\":\"https:\\\/\\\/fingerclic.com\\\/?s={search_term_string}\"},\"query-input\":{\"@type\":\"PropertyValueSpecification\",\"valueRequired\":true,\"valueName\":\"search_term_string\"}}],\"inLanguage\":\"ar\"},{\"@type\":\"Organization\",\"@id\":\"https:\\\/\\\/fingerclic.com\\\/#organization\",\"name\":\"fingerclic\",\"alternateName\":\"fingerclic\",\"url\":\"https:\\\/\\\/fingerclic.com\\\/\",\"logo\":{\"@type\":\"ImageObject\",\"inLanguage\":\"ar\",\"@id\":\"https:\\\/\\\/fingerclic.com\\\/#\\\/schema\\\/logo\\\/image\\\/\",\"url\":\"https:\\\/\\\/fingerclic.com\\\/wp-content\\\/uploads\\\/2024\\\/02\\\/Monochome-Icon.png\",\"contentUrl\":\"https:\\\/\\\/fingerclic.com\\\/wp-content\\\/uploads\\\/2024\\\/02\\\/Monochome-Icon.png\",\"width\":512,\"height\":512,\"caption\":\"fingerclic\"},\"image\":{\"@id\":\"https:\\\/\\\/fingerclic.com\\\/#\\\/schema\\\/logo\\\/image\\\/\"},\"sameAs\":[\"https:\\\/\\\/www.facebook.com\\\/fingerclic\"]}]}<\/script>\n<!-- \/ Yoast SEO plugin. -->","yoast_head_json":{"title":"Compare - Home Design Ecosystem","description":"D\u00e9couvrez Fingerclic, votre boutique en ligne de confiance pour l'achat de meubles, d'articles de d\u00e9coration, d'outils \u00e9lectriques et d'ustensiles de cuisine. Qualit\u00e9 et service exceptionnel garantis pour embellir votre maison.","robots":{"index":"index","follow":"follow","max-snippet":"max-snippet:-1","max-image-preview":"max-image-preview:large","max-video-preview":"max-video-preview:-1"},"canonical":"https:\/\/fingerclic.com\/ar\/compare\/","og_locale":"ar_AR","og_type":"article","og_title":"Compare - Home Design Ecosystem","og_description":"D\u00e9couvrez Fingerclic, votre boutique en ligne de confiance pour l'achat de meubles, d'articles de d\u00e9coration, d'outils \u00e9lectriques et d'ustensiles de cuisine. Qualit\u00e9 et service exceptionnel garantis pour embellir votre maison.","og_url":"https:\/\/fingerclic.com\/ar\/compare\/","og_site_name":"Home Design Ecosystem","article_publisher":"https:\/\/www.facebook.com\/fingerclic","og_image":[{"url":"http:\/\/dummy.xtemos.com\/woodmart2\/furniture2-elementor\/wp-content\/uploads\/sites\/10\/2023\/04\/wd-furniture-chair-prod-14-1-430x491.jpg","type":"","width":"","height":""}],"twitter_card":"summary_large_image","schema":{"@context":"https:\/\/schema.org","@graph":[{"@type":"WebPage","@id":"https:\/\/fingerclic.com\/compare\/","url":"https:\/\/fingerclic.com\/compare\/","name":"Compare - Home Design Ecosystem","isPartOf":{"@id":"https:\/\/fingerclic.com\/#website"},"primaryImageOfPage":{"@id":"https:\/\/fingerclic.com\/compare\/#primaryimage"},"image":{"@id":"https:\/\/fingerclic.com\/compare\/#primaryimage"},"thumbnailUrl":"http:\/\/dummy.xtemos.com\/woodmart2\/furniture2-elementor\/wp-content\/uploads\/sites\/10\/2023\/04\/wd-furniture-chair-prod-14-1-430x491.jpg","datePublished":"2023-04-20T11:46:12+00:00","description":"D\u00e9couvrez Fingerclic, votre boutique en ligne de confiance pour l'achat de meubles, d'articles de d\u00e9coration, d'outils \u00e9lectriques et d'ustensiles de cuisine. Qualit\u00e9 et service exceptionnel garantis pour embellir votre maison.","breadcrumb":{"@id":"https:\/\/fingerclic.com\/compare\/#breadcrumb"},"inLanguage":"ar","potentialAction":[{"@type":"ReadAction","target":["https:\/\/fingerclic.com\/compare\/"]}]},{"@type":"ImageObject","inLanguage":"ar","@id":"https:\/\/fingerclic.com\/compare\/#primaryimage","url":"http:\/\/dummy.xtemos.com\/woodmart2\/furniture2-elementor\/wp-content\/uploads\/sites\/10\/2023\/04\/wd-furniture-chair-prod-14-1-430x491.jpg","contentUrl":"http:\/\/dummy.xtemos.com\/woodmart2\/furniture2-elementor\/wp-content\/uploads\/sites\/10\/2023\/04\/wd-furniture-chair-prod-14-1-430x491.jpg"},{"@type":"BreadcrumbList","@id":"https:\/\/fingerclic.com\/compare\/#breadcrumb","itemListElement":[{"@type":"ListItem","position":1,"name":"Accueil","item":"https:\/\/fingerclic.com\/"},{"@type":"ListItem","position":2,"name":"Compare"}]},{"@type":"WebSite","@id":"https:\/\/fingerclic.com\/#website","url":"https:\/\/fingerclic.com\/","name":"fingerclic","description":"Art \u2022 Design \u2022 Technology","publisher":{"@id":"https:\/\/fingerclic.com\/#organization"},"alternateName":"fingerclic","potentialAction":[{"@type":"SearchAction","target":{"@type":"EntryPoint","urlTemplate":"https:\/\/fingerclic.com\/?s={search_term_string}"},"query-input":{"@type":"PropertyValueSpecification","valueRequired":true,"valueName":"search_term_string"}}],"inLanguage":"ar"},{"@type":"Organization","@id":"https:\/\/fingerclic.com\/#organization","name":"fingerclic","alternateName":"fingerclic","url":"https:\/\/fingerclic.com\/","logo":{"@type":"ImageObject","inLanguage":"ar","@id":"https:\/\/fingerclic.com\/#\/schema\/logo\/image\/","url":"https:\/\/fingerclic.com\/wp-content\/uploads\/2024\/02\/Monochome-Icon.png","contentUrl":"https:\/\/fingerclic.com\/wp-content\/uploads\/2024\/02\/Monochome-Icon.png","width":512,"height":512,"caption":"fingerclic"},"image":{"@id":"https:\/\/fingerclic.com\/#\/schema\/logo\/image\/"},"sameAs":["https:\/\/www.facebook.com\/fingerclic"]}]}},"_hostinger_reach_plugin_has_subscription_block":false,"_hostinger_reach_plugin_is_elementor":false,"_links":{"self":[{"href":"https:\/\/fingerclic.com\/ar\/wp-json\/wp\/v2\/pages\/29181","targetHints":{"allow":["GET"]}}],"collection":[{"href":"https:\/\/fingerclic.com\/ar\/wp-json\/wp\/v2\/pages"}],"about":[{"href":"https:\/\/fingerclic.com\/ar\/wp-json\/wp\/v2\/types\/page"}],"author":[{"embeddable":true,"href":"https:\/\/fingerclic.com\/ar\/wp-json\/wp\/v2\/users\/1"}],"replies":[{"embeddable":true,"href":"https:\/\/fingerclic.com\/ar\/wp-json\/wp\/v2\/comments?post=29181"}],"version-history":[{"count":0,"href":"https:\/\/fingerclic.com\/ar\/wp-json\/wp\/v2\/pages\/29181\/revisions"}],"wp:attachment":[{"href":"https:\/\/fingerclic.com\/ar\/wp-json\/wp\/v2\/media?parent=29181"}],"curies":[{"name":"wp","href":"https:\/\/api.w.org\/{rel}","templated":true}]}}