{"id":8,"date":"2023-10-05T12:53:55","date_gmt":"2023-10-05T10:53:55","guid":{"rendered":"https:\/\/fingerclic.com\/?page_id=8"},"modified":"2025-02-26T10:16:35","modified_gmt":"2025-02-26T09:16:35","slug":"panier","status":"publish","type":"page","link":"https:\/\/fingerclic.com\/ar\/panier\/","title":{"rendered":"Panier"},"content":{"rendered":"","protected":false},"excerpt":{"rendered":"","protected":false},"author":1,"featured_media":0,"parent":0,"menu_order":0,"comment_status":"closed","ping_status":"closed","template":"","meta":{"footnotes":""},"class_list":["post-8","page","type-page","status-publish","hentry"],"yoast_head":"<!-- This site is optimized with the Yoast SEO plugin v27.4 - https:\/\/yoast.com\/product\/yoast-seo-wordpress\/ -->\n<title>Panier - Home Design Ecosystem<\/title>\n<meta name=\"description\" content=\"D\u00e9couvrez Fingerclic, votre boutique en ligne de confiance pour l&#039;achat de meubles, d&#039;articles de d\u00e9coration, d&#039;outils \u00e9lectriques et d&#039;ustensiles de cuisine. Qualit\u00e9 et service exceptionnel garantis pour embellir votre maison.\" \/>\n<meta name=\"robots\" content=\"index, follow, max-snippet:-1, max-image-preview:large, max-video-preview:-1\" \/>\n<link rel=\"canonical\" href=\"https:\/\/fingerclic.com\/ar\/panier\/\" \/>\n<meta property=\"og:locale\" content=\"ar_AR\" \/>\n<meta property=\"og:type\" content=\"article\" \/>\n<meta property=\"og:title\" content=\"Panier - Home Design Ecosystem\" \/>\n<meta property=\"og:description\" content=\"D\u00e9couvrez Fingerclic, votre boutique en ligne de confiance pour l&#039;achat de meubles, d&#039;articles de d\u00e9coration, d&#039;outils \u00e9lectriques et d&#039;ustensiles de cuisine. Qualit\u00e9 et service exceptionnel garantis pour embellir votre maison.\" \/>\n<meta property=\"og:url\" content=\"https:\/\/fingerclic.com\/ar\/panier\/\" \/>\n<meta property=\"og:site_name\" content=\"Home Design Ecosystem\" \/>\n<meta property=\"article:publisher\" content=\"https:\/\/www.facebook.com\/fingerclic\" \/>\n<meta property=\"article:modified_time\" content=\"2025-02-26T09:16:35+00:00\" \/>\n<meta property=\"og:image\" content=\"https:\/\/fingerclic.com\/wp-content\/uploads\/2024\/02\/app-splash-screen.png\" \/>\n\t<meta property=\"og:image:width\" content=\"472\" \/>\n\t<meta property=\"og:image:height\" content=\"1024\" \/>\n\t<meta property=\"og:image:type\" content=\"image\/png\" \/>\n<meta name=\"twitter:card\" content=\"summary_large_image\" \/>\n<script type=\"application\/ld+json\" class=\"yoast-schema-graph\">{\"@context\":\"https:\\\/\\\/schema.org\",\"@graph\":[{\"@type\":\"WebPage\",\"@id\":\"https:\\\/\\\/fingerclic.com\\\/panier\\\/\",\"url\":\"https:\\\/\\\/fingerclic.com\\\/panier\\\/\",\"name\":\"Panier - Home Design Ecosystem\",\"isPartOf\":{\"@id\":\"https:\\\/\\\/fingerclic.com\\\/#website\"},\"datePublished\":\"2023-10-05T10:53:55+00:00\",\"dateModified\":\"2025-02-26T09:16:35+00:00\",\"description\":\"D\u00e9couvrez Fingerclic, votre boutique en ligne de confiance pour l'achat de meubles, d'articles de d\u00e9coration, d'outils \u00e9lectriques et d'ustensiles de cuisine. Qualit\u00e9 et service exceptionnel garantis pour embellir votre maison.\",\"breadcrumb\":{\"@id\":\"https:\\\/\\\/fingerclic.com\\\/panier\\\/#breadcrumb\"},\"inLanguage\":\"ar\",\"potentialAction\":[{\"@type\":\"ReadAction\",\"target\":[\"https:\\\/\\\/fingerclic.com\\\/panier\\\/\"]}]},{\"@type\":\"BreadcrumbList\",\"@id\":\"https:\\\/\\\/fingerclic.com\\\/panier\\\/#breadcrumb\",\"itemListElement\":[{\"@type\":\"ListItem\",\"position\":1,\"name\":\"Accueil\",\"item\":\"https:\\\/\\\/fingerclic.com\\\/\"},{\"@type\":\"ListItem\",\"position\":2,\"name\":\"Panier\"}]},{\"@type\":\"WebSite\",\"@id\":\"https:\\\/\\\/fingerclic.com\\\/#website\",\"url\":\"https:\\\/\\\/fingerclic.com\\\/\",\"name\":\"fingerclic\",\"description\":\"Art \u2022 Design \u2022 Technology\",\"publisher\":{\"@id\":\"https:\\\/\\\/fingerclic.com\\\/#organization\"},\"alternateName\":\"fingerclic\",\"potentialAction\":[{\"@type\":\"SearchAction\",\"target\":{\"@type\":\"EntryPoint\",\"urlTemplate\":\"https:\\\/\\\/fingerclic.com\\\/?s={search_term_string}\"},\"query-input\":{\"@type\":\"PropertyValueSpecification\",\"valueRequired\":true,\"valueName\":\"search_term_string\"}}],\"inLanguage\":\"ar\"},{\"@type\":\"Organization\",\"@id\":\"https:\\\/\\\/fingerclic.com\\\/#organization\",\"name\":\"fingerclic\",\"alternateName\":\"fingerclic\",\"url\":\"https:\\\/\\\/fingerclic.com\\\/\",\"logo\":{\"@type\":\"ImageObject\",\"inLanguage\":\"ar\",\"@id\":\"https:\\\/\\\/fingerclic.com\\\/#\\\/schema\\\/logo\\\/image\\\/\",\"url\":\"https:\\\/\\\/fingerclic.com\\\/wp-content\\\/uploads\\\/2024\\\/02\\\/Monochome-Icon.png\",\"contentUrl\":\"https:\\\/\\\/fingerclic.com\\\/wp-content\\\/uploads\\\/2024\\\/02\\\/Monochome-Icon.png\",\"width\":512,\"height\":512,\"caption\":\"fingerclic\"},\"image\":{\"@id\":\"https:\\\/\\\/fingerclic.com\\\/#\\\/schema\\\/logo\\\/image\\\/\"},\"sameAs\":[\"https:\\\/\\\/www.facebook.com\\\/fingerclic\"]}]}<\/script>\n<!-- \/ Yoast SEO plugin. -->","yoast_head_json":{"title":"Panier - Home Design Ecosystem","description":"D\u00e9couvrez Fingerclic, votre boutique en ligne de confiance pour l'achat de meubles, d'articles de d\u00e9coration, d'outils \u00e9lectriques et d'ustensiles de cuisine. Qualit\u00e9 et service exceptionnel garantis pour embellir votre maison.","robots":{"index":"index","follow":"follow","max-snippet":"max-snippet:-1","max-image-preview":"max-image-preview:large","max-video-preview":"max-video-preview:-1"},"canonical":"https:\/\/fingerclic.com\/ar\/panier\/","og_locale":"ar_AR","og_type":"article","og_title":"Panier - Home Design Ecosystem","og_description":"D\u00e9couvrez Fingerclic, votre boutique en ligne de confiance pour l'achat de meubles, d'articles de d\u00e9coration, d'outils \u00e9lectriques et d'ustensiles de cuisine. Qualit\u00e9 et service exceptionnel garantis pour embellir votre maison.","og_url":"https:\/\/fingerclic.com\/ar\/panier\/","og_site_name":"Home Design Ecosystem","article_publisher":"https:\/\/www.facebook.com\/fingerclic","article_modified_time":"2025-02-26T09:16:35+00:00","og_image":[{"width":472,"height":1024,"url":"https:\/\/fingerclic.com\/wp-content\/uploads\/2024\/02\/app-splash-screen.png","type":"image\/png"}],"twitter_card":"summary_large_image","schema":{"@context":"https:\/\/schema.org","@graph":[{"@type":"WebPage","@id":"https:\/\/fingerclic.com\/panier\/","url":"https:\/\/fingerclic.com\/panier\/","name":"Panier - Home Design Ecosystem","isPartOf":{"@id":"https:\/\/fingerclic.com\/#website"},"datePublished":"2023-10-05T10:53:55+00:00","dateModified":"2025-02-26T09:16:35+00:00","description":"D\u00e9couvrez Fingerclic, votre boutique en ligne de confiance pour l'achat de meubles, d'articles de d\u00e9coration, d'outils \u00e9lectriques et d'ustensiles de cuisine. Qualit\u00e9 et service exceptionnel garantis pour embellir votre maison.","breadcrumb":{"@id":"https:\/\/fingerclic.com\/panier\/#breadcrumb"},"inLanguage":"ar","potentialAction":[{"@type":"ReadAction","target":["https:\/\/fingerclic.com\/panier\/"]}]},{"@type":"BreadcrumbList","@id":"https:\/\/fingerclic.com\/panier\/#breadcrumb","itemListElement":[{"@type":"ListItem","position":1,"name":"Accueil","item":"https:\/\/fingerclic.com\/"},{"@type":"ListItem","position":2,"name":"Panier"}]},{"@type":"WebSite","@id":"https:\/\/fingerclic.com\/#website","url":"https:\/\/fingerclic.com\/","name":"fingerclic","description":"Art \u2022 Design \u2022 Technology","publisher":{"@id":"https:\/\/fingerclic.com\/#organization"},"alternateName":"fingerclic","potentialAction":[{"@type":"SearchAction","target":{"@type":"EntryPoint","urlTemplate":"https:\/\/fingerclic.com\/?s={search_term_string}"},"query-input":{"@type":"PropertyValueSpecification","valueRequired":true,"valueName":"search_term_string"}}],"inLanguage":"ar"},{"@type":"Organization","@id":"https:\/\/fingerclic.com\/#organization","name":"fingerclic","alternateName":"fingerclic","url":"https:\/\/fingerclic.com\/","logo":{"@type":"ImageObject","inLanguage":"ar","@id":"https:\/\/fingerclic.com\/#\/schema\/logo\/image\/","url":"https:\/\/fingerclic.com\/wp-content\/uploads\/2024\/02\/Monochome-Icon.png","contentUrl":"https:\/\/fingerclic.com\/wp-content\/uploads\/2024\/02\/Monochome-Icon.png","width":512,"height":512,"caption":"fingerclic"},"image":{"@id":"https:\/\/fingerclic.com\/#\/schema\/logo\/image\/"},"sameAs":["https:\/\/www.facebook.com\/fingerclic"]}]}},"_hostinger_reach_plugin_has_subscription_block":false,"_hostinger_reach_plugin_is_elementor":false,"_links":{"self":[{"href":"https:\/\/fingerclic.com\/ar\/wp-json\/wp\/v2\/pages\/8","targetHints":{"allow":["GET"]}}],"collection":[{"href":"https:\/\/fingerclic.com\/ar\/wp-json\/wp\/v2\/pages"}],"about":[{"href":"https:\/\/fingerclic.com\/ar\/wp-json\/wp\/v2\/types\/page"}],"author":[{"embeddable":true,"href":"https:\/\/fingerclic.com\/ar\/wp-json\/wp\/v2\/users\/1"}],"replies":[{"embeddable":true,"href":"https:\/\/fingerclic.com\/ar\/wp-json\/wp\/v2\/comments?post=8"}],"version-history":[{"count":1,"href":"https:\/\/fingerclic.com\/ar\/wp-json\/wp\/v2\/pages\/8\/revisions"}],"predecessor-version":[{"id":16214,"href":"https:\/\/fingerclic.com\/ar\/wp-json\/wp\/v2\/pages\/8\/revisions\/16214"}],"wp:attachment":[{"href":"https:\/\/fingerclic.com\/ar\/wp-json\/wp\/v2\/media?parent=8"}],"curies":[{"name":"wp","href":"https:\/\/api.w.org\/{rel}","templated":true}]}}